{"id":100,"date":"2021-04-17T13:41:07","date_gmt":"2021-04-17T16:41:07","guid":{"rendered":"http:\/\/proacustic.com.br\/?page_id=100"},"modified":"2024-01-28T01:57:06","modified_gmt":"2024-01-28T04:57:06","slug":"bem-vindo-ao-mundo-da-proacustic","status":"publish","type":"page","link":"https:\/\/proacustic.com.br\/","title":{"rendered":""},"content":{"rendered":"\n<p class=\"has-large-font-size\"><strong><span class=\"has-inline-color has-accent-2-color\">Bem vindo ao site da Proacustic<\/span><\/strong><\/p>\n\n\n\n<p>Este \u00e9 o lugar certo para voc\u00ea encontrar a solu\u00e7\u00e3o ac\u00fastica que deseja;<br>Seja o isolamento ou tratamento da ac\u00fastica interna, seja para seu home-theater ou um est\u00fadio profissional.<br>Conte com a experi\u00eancia de mais de 30 anos de Mauricio Grassmann.<br>Proacustic &#8211; solu\u00e7\u00f5es em ac\u00fastica<\/p>\n\n\n\n<div style=\"height:30px\" aria-hidden=\"true\" class=\"wp-block-spacer\"><\/div>\n\n\n\n<div class=\"wp-block-columns is-layout-flex wp-container-core-columns-is-layout-9d6595d7 wp-block-columns-is-layout-flex\">\n<div class=\"wp-block-column is-layout-flow wp-block-column-is-layout-flow\" style=\"flex-basis:33.33%\">\n<figure class=\"wp-block-gallery has-nested-images columns-1 is-cropped wp-block-gallery-1 is-layout-flex wp-block-gallery-is-layout-flex\">\n<figure class=\"wp-block-image size-large\"><img loading=\"lazy\" decoding=\"async\" width=\"500\" height=\"190\" data-id=\"71\" src=\"https:\/\/proacustic.com.br\/wp-content\/uploads\/2021\/04\/Cabecalho4-pagina-empresa-Facebook.png\" alt=\"\" class=\"wp-image-71\" srcset=\"https:\/\/proacustic.com.br\/wp-content\/uploads\/2021\/04\/Cabecalho4-pagina-empresa-Facebook.png 500w, https:\/\/proacustic.com.br\/wp-content\/uploads\/2021\/04\/Cabecalho4-pagina-empresa-Facebook-300x114.png 300w\" sizes=\"auto, (max-width: 500px) 100vw, 500px\" \/><\/figure>\n\n\n\n<figure class=\"wp-block-image size-large\"><img loading=\"lazy\" decoding=\"async\" width=\"500\" height=\"190\" data-id=\"73\" src=\"https:\/\/proacustic.com.br\/wp-content\/uploads\/2021\/04\/Cabecalho6-pagina-empresa-Facebook.png\" alt=\"\" class=\"wp-image-73\" srcset=\"https:\/\/proacustic.com.br\/wp-content\/uploads\/2021\/04\/Cabecalho6-pagina-empresa-Facebook.png 500w, https:\/\/proacustic.com.br\/wp-content\/uploads\/2021\/04\/Cabecalho6-pagina-empresa-Facebook-300x114.png 300w\" sizes=\"auto, (max-width: 500px) 100vw, 500px\" \/><\/figure>\n\n\n\n<figure class=\"wp-block-image size-large\"><img loading=\"lazy\" decoding=\"async\" width=\"500\" height=\"190\" data-id=\"78\" src=\"https:\/\/proacustic.com.br\/wp-content\/uploads\/2021\/04\/Cabecalho11-pagina-empresa-Facebook.png\" alt=\"\" class=\"wp-image-78\" srcset=\"https:\/\/proacustic.com.br\/wp-content\/uploads\/2021\/04\/Cabecalho11-pagina-empresa-Facebook.png 500w, https:\/\/proacustic.com.br\/wp-content\/uploads\/2021\/04\/Cabecalho11-pagina-empresa-Facebook-300x114.png 300w\" sizes=\"auto, (max-width: 500px) 100vw, 500px\" \/><\/figure>\n\n\n\n<figure class=\"wp-block-image size-large\"><img loading=\"lazy\" decoding=\"async\" width=\"500\" height=\"190\" data-id=\"69\" src=\"https:\/\/proacustic.com.br\/wp-content\/uploads\/2021\/04\/Cabecalho3-pagina-empresa-Facebook.png\" alt=\"\" class=\"wp-image-69\" srcset=\"https:\/\/proacustic.com.br\/wp-content\/uploads\/2021\/04\/Cabecalho3-pagina-empresa-Facebook.png 500w, https:\/\/proacustic.com.br\/wp-content\/uploads\/2021\/04\/Cabecalho3-pagina-empresa-Facebook-300x114.png 300w\" sizes=\"auto, (max-width: 500px) 100vw, 500px\" \/><\/figure>\n\n\n\n<figure class=\"wp-block-image size-large\"><img loading=\"lazy\" decoding=\"async\" width=\"500\" height=\"190\" data-id=\"74\" src=\"https:\/\/proacustic.com.br\/wp-content\/uploads\/2021\/04\/Cabecalho7-pagina-empresa-Facebook.png\" alt=\"\" class=\"wp-image-74\" srcset=\"https:\/\/proacustic.com.br\/wp-content\/uploads\/2021\/04\/Cabecalho7-pagina-empresa-Facebook.png 500w, https:\/\/proacustic.com.br\/wp-content\/uploads\/2021\/04\/Cabecalho7-pagina-empresa-Facebook-300x114.png 300w\" sizes=\"auto, (max-width: 500px) 100vw, 500px\" \/><\/figure>\n\n\n\n<figure class=\"wp-block-image size-large\"><img loading=\"lazy\" decoding=\"async\" width=\"500\" height=\"190\" data-id=\"77\" src=\"https:\/\/proacustic.com.br\/wp-content\/uploads\/2021\/04\/Cabecalho10-pagina-empresa-Facebook.png\" alt=\"\" class=\"wp-image-77\" srcset=\"https:\/\/proacustic.com.br\/wp-content\/uploads\/2021\/04\/Cabecalho10-pagina-empresa-Facebook.png 500w, https:\/\/proacustic.com.br\/wp-content\/uploads\/2021\/04\/Cabecalho10-pagina-empresa-Facebook-300x114.png 300w\" sizes=\"auto, (max-width: 500px) 100vw, 500px\" \/><\/figure>\n\n\n\n<figure class=\"wp-block-image size-large\"><img loading=\"lazy\" decoding=\"async\" width=\"500\" height=\"190\" data-id=\"83\" src=\"https:\/\/proacustic.com.br\/wp-content\/uploads\/2021\/04\/Cabecalho16-pagina-empresa-Facebook.png\" alt=\"\" class=\"wp-image-83\" srcset=\"https:\/\/proacustic.com.br\/wp-content\/uploads\/2021\/04\/Cabecalho16-pagina-empresa-Facebook.png 500w, https:\/\/proacustic.com.br\/wp-content\/uploads\/2021\/04\/Cabecalho16-pagina-empresa-Facebook-300x114.png 300w\" sizes=\"auto, (max-width: 500px) 100vw, 500px\" \/><\/figure>\n\n\n\n<figure class=\"wp-block-image size-large\"><img loading=\"lazy\" decoding=\"async\" width=\"500\" height=\"190\" data-id=\"86\" src=\"https:\/\/proacustic.com.br\/wp-content\/uploads\/2021\/04\/Cabecalho21-pagina-empresa-Facebook.png\" alt=\"\" class=\"wp-image-86\" srcset=\"https:\/\/proacustic.com.br\/wp-content\/uploads\/2021\/04\/Cabecalho21-pagina-empresa-Facebook.png 500w, https:\/\/proacustic.com.br\/wp-content\/uploads\/2021\/04\/Cabecalho21-pagina-empresa-Facebook-300x114.png 300w\" sizes=\"auto, (max-width: 500px) 100vw, 500px\" \/><\/figure>\n\n\n\n<figure class=\"wp-block-image size-large\"><img loading=\"lazy\" decoding=\"async\" width=\"500\" height=\"190\" data-id=\"76\" src=\"https:\/\/proacustic.com.br\/wp-content\/uploads\/2021\/04\/Cabecalho9-pagina-empresa-Facebook.png\" alt=\"\" class=\"wp-image-76\" srcset=\"https:\/\/proacustic.com.br\/wp-content\/uploads\/2021\/04\/Cabecalho9-pagina-empresa-Facebook.png 500w, https:\/\/proacustic.com.br\/wp-content\/uploads\/2021\/04\/Cabecalho9-pagina-empresa-Facebook-300x114.png 300w\" sizes=\"auto, (max-width: 500px) 100vw, 500px\" \/><\/figure>\n\n\n\n<figure class=\"wp-block-image size-large\"><img loading=\"lazy\" decoding=\"async\" width=\"500\" height=\"190\" data-id=\"68\" src=\"https:\/\/proacustic.com.br\/wp-content\/uploads\/2021\/04\/Cabecalho2-pagina-empresa-Facebook.png\" alt=\"\" class=\"wp-image-68\" srcset=\"https:\/\/proacustic.com.br\/wp-content\/uploads\/2021\/04\/Cabecalho2-pagina-empresa-Facebook.png 500w, https:\/\/proacustic.com.br\/wp-content\/uploads\/2021\/04\/Cabecalho2-pagina-empresa-Facebook-300x114.png 300w\" sizes=\"auto, (max-width: 500px) 100vw, 500px\" \/><\/figure>\n\n\n\n<figure class=\"wp-block-image size-large\"><img loading=\"lazy\" decoding=\"async\" width=\"500\" height=\"190\" data-id=\"82\" src=\"https:\/\/proacustic.com.br\/wp-content\/uploads\/2021\/04\/Cabecalho15-pagina-empresa-Facebook.png\" alt=\"\" class=\"wp-image-82\" srcset=\"https:\/\/proacustic.com.br\/wp-content\/uploads\/2021\/04\/Cabecalho15-pagina-empresa-Facebook.png 500w, https:\/\/proacustic.com.br\/wp-content\/uploads\/2021\/04\/Cabecalho15-pagina-empresa-Facebook-300x114.png 300w\" sizes=\"auto, (max-width: 500px) 100vw, 500px\" \/><\/figure>\n\n\n\n<figure class=\"wp-block-image size-large\"><img loading=\"lazy\" decoding=\"async\" width=\"500\" height=\"190\" data-id=\"72\" src=\"https:\/\/proacustic.com.br\/wp-content\/uploads\/2021\/04\/Cabecalho5-pagina-empresa-Facebook.png\" alt=\"\" class=\"wp-image-72\" srcset=\"https:\/\/proacustic.com.br\/wp-content\/uploads\/2021\/04\/Cabecalho5-pagina-empresa-Facebook.png 500w, https:\/\/proacustic.com.br\/wp-content\/uploads\/2021\/04\/Cabecalho5-pagina-empresa-Facebook-300x114.png 300w\" sizes=\"auto, (max-width: 500px) 100vw, 500px\" \/><\/figure>\n\n\n\n<figure class=\"wp-block-image size-large\"><img loading=\"lazy\" decoding=\"async\" width=\"500\" height=\"190\" data-id=\"85\" src=\"https:\/\/proacustic.com.br\/wp-content\/uploads\/2021\/04\/Cabecalho19-pagina-empresa-Facebook.png\" alt=\"\" class=\"wp-image-85\" srcset=\"https:\/\/proacustic.com.br\/wp-content\/uploads\/2021\/04\/Cabecalho19-pagina-empresa-Facebook.png 500w, https:\/\/proacustic.com.br\/wp-content\/uploads\/2021\/04\/Cabecalho19-pagina-empresa-Facebook-300x114.png 300w\" sizes=\"auto, (max-width: 500px) 100vw, 500px\" \/><\/figure>\n<\/figure>\n<\/div>\n\n\n\n<div class=\"wp-block-column is-layout-flow wp-block-column-is-layout-flow\" style=\"flex-basis:66.66%\">\n<figure class=\"wp-block-gallery has-nested-images columns-1 is-cropped wp-block-gallery-2 is-layout-flex wp-block-gallery-is-layout-flex\">\n<figure class=\"wp-block-image size-large\"><img loading=\"lazy\" decoding=\"async\" width=\"1024\" height=\"622\" data-id=\"95\" src=\"https:\/\/proacustic.com.br\/wp-content\/uploads\/2021\/04\/TECNICA-A-22-1024x622.png\" alt=\"\" class=\"wp-image-95\" srcset=\"https:\/\/proacustic.com.br\/wp-content\/uploads\/2021\/04\/TECNICA-A-22-1024x622.png 1024w, https:\/\/proacustic.com.br\/wp-content\/uploads\/2021\/04\/TECNICA-A-22-300x182.png 300w, https:\/\/proacustic.com.br\/wp-content\/uploads\/2021\/04\/TECNICA-A-22-768x466.png 768w, https:\/\/proacustic.com.br\/wp-content\/uploads\/2021\/04\/TECNICA-A-22-1536x932.png 1536w, https:\/\/proacustic.com.br\/wp-content\/uploads\/2021\/04\/TECNICA-A-22-2048x1243.png 2048w, https:\/\/proacustic.com.br\/wp-content\/uploads\/2021\/04\/TECNICA-A-22-494x300.png 494w\" sizes=\"auto, (max-width: 1024px) 100vw, 1024px\" \/><figcaption class=\"wp-element-caption\">3D da t\u00e9cnica principal de um centro de est\u00fadios no Rio de Janeiro<\/figcaption><\/figure>\n\n\n\n<figure class=\"wp-block-image size-large\"><img loading=\"lazy\" decoding=\"async\" width=\"612\" height=\"453\" data-id=\"144\" src=\"https:\/\/proacustic.com.br\/wp-content\/uploads\/2021\/04\/GMC-pronto-1.jpg\" alt=\"\" class=\"wp-image-144\" srcset=\"https:\/\/proacustic.com.br\/wp-content\/uploads\/2021\/04\/GMC-pronto-1.jpg 612w, https:\/\/proacustic.com.br\/wp-content\/uploads\/2021\/04\/GMC-pronto-1-300x222.jpg 300w, https:\/\/proacustic.com.br\/wp-content\/uploads\/2021\/04\/GMC-pronto-1-405x300.jpg 405w\" sizes=\"auto, (max-width: 612px) 100vw, 612px\" \/><figcaption class=\"wp-element-caption\">T\u00e9cnica do est\u00fadio da ACME Audio &#8211; Marcio Gianullo<\/figcaption><\/figure>\n\n\n\n<figure class=\"wp-block-image size-large\"><img loading=\"lazy\" decoding=\"async\" width=\"1024\" height=\"731\" data-id=\"125\" src=\"https:\/\/proacustic.com.br\/wp-content\/uploads\/2021\/04\/IMG_2914-1-1024x731.jpg\" alt=\"\" class=\"wp-image-125\" srcset=\"https:\/\/proacustic.com.br\/wp-content\/uploads\/2021\/04\/IMG_2914-1-1024x731.jpg 1024w, https:\/\/proacustic.com.br\/wp-content\/uploads\/2021\/04\/IMG_2914-1-300x214.jpg 300w, https:\/\/proacustic.com.br\/wp-content\/uploads\/2021\/04\/IMG_2914-1-768x548.jpg 768w, https:\/\/proacustic.com.br\/wp-content\/uploads\/2021\/04\/IMG_2914-1-420x300.jpg 420w, https:\/\/proacustic.com.br\/wp-content\/uploads\/2021\/04\/IMG_2914-1.jpg 1521w\" sizes=\"auto, (max-width: 1024px) 100vw, 1024px\" \/><figcaption class=\"wp-element-caption\">Sala principal da produtora Desenho do Som &#8211; Valinhos-SP<\/figcaption><\/figure>\n\n\n\n<figure class=\"wp-block-image size-large\"><img loading=\"lazy\" decoding=\"async\" width=\"960\" height=\"567\" data-id=\"142\" src=\"https:\/\/proacustic.com.br\/wp-content\/uploads\/2021\/04\/TEC-TUL.jpg\" alt=\"\" class=\"wp-image-142\" srcset=\"https:\/\/proacustic.com.br\/wp-content\/uploads\/2021\/04\/TEC-TUL.jpg 960w, https:\/\/proacustic.com.br\/wp-content\/uploads\/2021\/04\/TEC-TUL-300x177.jpg 300w, https:\/\/proacustic.com.br\/wp-content\/uploads\/2021\/04\/TEC-TUL-768x454.jpg 768w, https:\/\/proacustic.com.br\/wp-content\/uploads\/2021\/04\/TEC-TUL-508x300.jpg 508w\" sizes=\"auto, (max-width: 960px) 100vw, 960px\" \/><figcaption class=\"wp-element-caption\">Antiga sala t\u00e9cnica do est\u00fadio FrequenCia Rara &#8211; SP<\/figcaption><\/figure>\n<\/figure>\n\n\n\n<p class=\"has-text-align-right\" style=\"font-size:18px\"><a href=\"mailto:contato@proacustic.com.br\"><span class=\"has-inline-color has-accent-1-color\">contato@proacustic.com.br<\/span><\/a><\/p>\n<\/div>\n<\/div>\n\n\n<div class=\"wp-block-image\">\n<figure class=\"aligncenter size-full is-resized\"><img loading=\"lazy\" decoding=\"async\" src=\"https:\/\/proacustic.com.br\/wp-content\/uploads\/2024\/01\/ICONE-NOVO.jpg\" alt=\"\" class=\"wp-image-666\" width=\"62\" height=\"63\" srcset=\"https:\/\/proacustic.com.br\/wp-content\/uploads\/2024\/01\/ICONE-NOVO.jpg 248w, https:\/\/proacustic.com.br\/wp-content\/uploads\/2024\/01\/ICONE-NOVO-150x150.jpg 150w\" sizes=\"auto, (max-width: 62px) 100vw, 62px\" \/><\/figure>\n<\/div>","protected":false},"excerpt":{"rendered":"<p>Bem vindo ao site da Proacustic Este \u00e9 o lugar certo para voc\u00ea encontrar a solu\u00e7\u00e3o ac\u00fastica que deseja;Seja o isolamento ou tratamento da ac\u00fastica &hellip;<\/p>\n","protected":false},"author":1,"featured_media":0,"parent":0,"menu_order":0,"comment_status":"closed","ping_status":"closed","template":"","meta":{"om_disable_all_campaigns":false,"_monsterinsights_skip_tracking":false,"_monsterinsights_sitenote_active":false,"_monsterinsights_sitenote_note":"","_monsterinsights_sitenote_category":0,"footnotes":""},"class_list":["post-100","page","type-page","status-publish","hentry"],"aioseo_notices":[],"_links":{"self":[{"href":"https:\/\/proacustic.com.br\/index.php?rest_route=\/wp\/v2\/pages\/100","targetHints":{"allow":["GET"]}}],"collection":[{"href":"https:\/\/proacustic.com.br\/index.php?rest_route=\/wp\/v2\/pages"}],"about":[{"href":"https:\/\/proacustic.com.br\/index.php?rest_route=\/wp\/v2\/types\/page"}],"author":[{"embeddable":true,"href":"https:\/\/proacustic.com.br\/index.php?rest_route=\/wp\/v2\/users\/1"}],"replies":[{"embeddable":true,"href":"https:\/\/proacustic.com.br\/index.php?rest_route=%2Fwp%2Fv2%2Fcomments&post=100"}],"version-history":[{"count":23,"href":"https:\/\/proacustic.com.br\/index.php?rest_route=\/wp\/v2\/pages\/100\/revisions"}],"predecessor-version":[{"id":670,"href":"https:\/\/proacustic.com.br\/index.php?rest_route=\/wp\/v2\/pages\/100\/revisions\/670"}],"wp:attachment":[{"href":"https:\/\/proacustic.com.br\/index.php?rest_route=%2Fwp%2Fv2%2Fmedia&parent=100"}],"curies":[{"name":"wp","href":"https:\/\/api.w.org\/{rel}","templated":true}]}}