{"id":18,"date":"2021-04-16T18:21:59","date_gmt":"2021-04-16T21:21:59","guid":{"rendered":"http:\/\/proacustic.com.br\/?page_id=18"},"modified":"2024-01-28T01:58:50","modified_gmt":"2024-01-28T04:58:50","slug":"projetos","status":"publish","type":"page","link":"https:\/\/proacustic.com.br\/?page_id=18","title":{"rendered":"Projetos"},"content":{"rendered":"\n<p style=\"font-size:21px\">Como desenvolvemos nosso trabalho junto com voc\u00ea:<\/p>\n\n\n\n<p class=\"has-text-align-right\" style=\"font-size:21px\"><a href=\"mailto:projetos@proacustic.com.br\" target=\"_blank\" rel=\"noreferrer noopener\"><span class=\"has-inline-color has-accent-1-color\">projetos@proacustic.com.br<\/span><\/a><\/p>\n\n\n\n<div style=\"height:10px\" aria-hidden=\"true\" class=\"wp-block-spacer\"><\/div>\n\n\n\n<figure class=\"wp-block-gallery has-nested-images columns-1 is-cropped wp-block-gallery-1 is-layout-flex wp-block-gallery-is-layout-flex\">\n<figure class=\"wp-block-image size-large\"><img loading=\"lazy\" decoding=\"async\" width=\"950\" height=\"570\" data-id=\"186\" src=\"https:\/\/proacustic.com.br\/wp-content\/uploads\/2021\/04\/passo01.jpg\" alt=\"\" class=\"wp-image-186\" srcset=\"https:\/\/proacustic.com.br\/wp-content\/uploads\/2021\/04\/passo01.jpg 950w, https:\/\/proacustic.com.br\/wp-content\/uploads\/2021\/04\/passo01-300x180.jpg 300w, https:\/\/proacustic.com.br\/wp-content\/uploads\/2021\/04\/passo01-768x461.jpg 768w, https:\/\/proacustic.com.br\/wp-content\/uploads\/2021\/04\/passo01-500x300.jpg 500w\" sizes=\"auto, (max-width: 950px) 100vw, 950px\" \/><\/figure>\n\n\n\n<figure class=\"wp-block-image size-large\"><img loading=\"lazy\" decoding=\"async\" width=\"950\" height=\"570\" data-id=\"187\" src=\"https:\/\/proacustic.com.br\/wp-content\/uploads\/2021\/04\/passo02.jpg\" alt=\"\" class=\"wp-image-187\" srcset=\"https:\/\/proacustic.com.br\/wp-content\/uploads\/2021\/04\/passo02.jpg 950w, https:\/\/proacustic.com.br\/wp-content\/uploads\/2021\/04\/passo02-300x180.jpg 300w, https:\/\/proacustic.com.br\/wp-content\/uploads\/2021\/04\/passo02-768x461.jpg 768w, https:\/\/proacustic.com.br\/wp-content\/uploads\/2021\/04\/passo02-500x300.jpg 500w\" sizes=\"auto, (max-width: 950px) 100vw, 950px\" \/><\/figure>\n\n\n\n<figure class=\"wp-block-image size-large\"><img loading=\"lazy\" decoding=\"async\" width=\"950\" height=\"570\" data-id=\"188\" src=\"https:\/\/proacustic.com.br\/wp-content\/uploads\/2021\/04\/passo03.jpg\" alt=\"\" class=\"wp-image-188\" srcset=\"https:\/\/proacustic.com.br\/wp-content\/uploads\/2021\/04\/passo03.jpg 950w, https:\/\/proacustic.com.br\/wp-content\/uploads\/2021\/04\/passo03-300x180.jpg 300w, https:\/\/proacustic.com.br\/wp-content\/uploads\/2021\/04\/passo03-768x461.jpg 768w, https:\/\/proacustic.com.br\/wp-content\/uploads\/2021\/04\/passo03-500x300.jpg 500w\" sizes=\"auto, (max-width: 950px) 100vw, 950px\" \/><\/figure>\n\n\n\n<figure class=\"wp-block-image size-large\"><img loading=\"lazy\" decoding=\"async\" width=\"950\" height=\"570\" data-id=\"189\" src=\"https:\/\/proacustic.com.br\/wp-content\/uploads\/2021\/04\/passo04.jpg\" alt=\"\" class=\"wp-image-189\" srcset=\"https:\/\/proacustic.com.br\/wp-content\/uploads\/2021\/04\/passo04.jpg 950w, https:\/\/proacustic.com.br\/wp-content\/uploads\/2021\/04\/passo04-300x180.jpg 300w, https:\/\/proacustic.com.br\/wp-content\/uploads\/2021\/04\/passo04-768x461.jpg 768w, https:\/\/proacustic.com.br\/wp-content\/uploads\/2021\/04\/passo04-500x300.jpg 500w\" sizes=\"auto, (max-width: 950px) 100vw, 950px\" \/><\/figure>\n\n\n\n<figure class=\"wp-block-image size-large\"><img loading=\"lazy\" decoding=\"async\" width=\"950\" height=\"570\" data-id=\"194\" src=\"https:\/\/proacustic.com.br\/wp-content\/uploads\/2021\/04\/passo06-2.jpg\" alt=\"\" class=\"wp-image-194\" srcset=\"https:\/\/proacustic.com.br\/wp-content\/uploads\/2021\/04\/passo06-2.jpg 950w, https:\/\/proacustic.com.br\/wp-content\/uploads\/2021\/04\/passo06-2-300x180.jpg 300w, https:\/\/proacustic.com.br\/wp-content\/uploads\/2021\/04\/passo06-2-768x461.jpg 768w, https:\/\/proacustic.com.br\/wp-content\/uploads\/2021\/04\/passo06-2-500x300.jpg 500w\" sizes=\"auto, (max-width: 950px) 100vw, 950px\" \/><\/figure>\n<\/figure>\n\n\n\n<div style=\"height:36px\" aria-hidden=\"true\" class=\"wp-block-spacer\"><\/div>\n\n\n\n<div class=\"wp-block-columns is-layout-flex wp-container-core-columns-is-layout-9d6595d7 wp-block-columns-is-layout-flex\">\n<div class=\"wp-block-column is-layout-flow wp-block-column-is-layout-flow\" style=\"flex-basis:66.66%\">\n<p class=\"has-text-align-right\" style=\"font-size:20px\">Este m\u00e9todo de trabalho pode ser aplicado\/ajustado <br>para qualquer tamanho de projeto, como tamb\u00e9m, <br>para v\u00e1rios tipos de salas com seus fins pr\u00f3prios.<br><br>Tamb\u00e9m \u00e9 perfeito para projetos \u00e0 distancia, onde voc\u00ea <br>fica com a m\u00e3o na massa, e deixa todo o restante conosco.<br><br>Temos dezenas de assessorias \u00e0 dist\u00e2ncia por todo o Brasil, <br>com excelentes resultados!<br><\/p>\n<\/div>\n\n\n\n<div class=\"wp-block-column is-layout-flow wp-block-column-is-layout-flow\" style=\"flex-basis:33.33%\">\n<figure class=\"wp-block-image size-large is-resized\"><img loading=\"lazy\" decoding=\"async\" src=\"http:\/\/proacustic.com.br\/wp-content\/uploads\/2021\/04\/IMG_2225-891x1024.jpg\" alt=\"\" class=\"wp-image-197\" width=\"279\" height=\"319\"\/><\/figure>\n<\/div>\n<\/div>\n\n\n\n<p class=\"has-text-align-right\" style=\"font-size:21px\"><a href=\"mailto:projetos@proacustic.com.br\" target=\"_blank\" rel=\"noreferrer noopener\">projetos@proacustic.com.br<\/a><\/p>\n\n\n\n<div class=\"wp-block-columns is-layout-flex wp-container-core-columns-is-layout-9d6595d7 wp-block-columns-is-layout-flex\">\n<div class=\"wp-block-column is-layout-flow wp-block-column-is-layout-flow\" style=\"flex-basis:66.66%\">\n<figure class=\"wp-block-image size-large\"><img loading=\"lazy\" decoding=\"async\" width=\"954\" height=\"679\" src=\"http:\/\/proacustic.com.br\/wp-content\/uploads\/2021\/04\/MAPA-E-ESCALA-BOA-1.png\" alt=\"\" class=\"wp-image-229\" srcset=\"https:\/\/proacustic.com.br\/wp-content\/uploads\/2021\/04\/MAPA-E-ESCALA-BOA-1.png 954w, https:\/\/proacustic.com.br\/wp-content\/uploads\/2021\/04\/MAPA-E-ESCALA-BOA-1-300x214.png 300w, https:\/\/proacustic.com.br\/wp-content\/uploads\/2021\/04\/MAPA-E-ESCALA-BOA-1-768x547.png 768w, https:\/\/proacustic.com.br\/wp-content\/uploads\/2021\/04\/MAPA-E-ESCALA-BOA-1-422x300.png 422w\" sizes=\"auto, (max-width: 954px) 100vw, 954px\" \/><\/figure>\n<\/div>\n\n\n\n<div class=\"wp-block-column is-layout-flow wp-block-column-is-layout-flow\" style=\"flex-basis:33.33%\"><div class=\"wp-block-image\">\n<figure class=\"aligncenter size-large\"><img loading=\"lazy\" decoding=\"async\" width=\"718\" height=\"773\" src=\"http:\/\/proacustic.com.br\/wp-content\/uploads\/2021\/04\/Medindo-Arbustos-com-faixa-branca.png\" alt=\"\" class=\"wp-image-210\" srcset=\"https:\/\/proacustic.com.br\/wp-content\/uploads\/2021\/04\/Medindo-Arbustos-com-faixa-branca.png 718w, https:\/\/proacustic.com.br\/wp-content\/uploads\/2021\/04\/Medindo-Arbustos-com-faixa-branca-279x300.png 279w\" sizes=\"auto, (max-width: 718px) 100vw, 718px\" \/><figcaption class=\"wp-element-caption\">Medindo a atenua\u00e7\u00e3o de ru\u00eddo<br>de v\u00e1rios tipos de arbustos.<\/figcaption><\/figure>\n<\/div><\/div>\n<\/div>\n\n\n\n<p style=\"font-size:20px\">A <strong>Proacustic<\/strong> desenvolve  isolamento ac\u00fastico  |  tratamento ac\u00fastico para:<\/p>\n\n\n\n<ul class=\"wp-block-list\">\n<li>Est\u00fadios de \u00e1udio &amp; v\u00eddeo<\/li>\n\n\n\n<li>Salas de audi\u00e7\u00e3o<\/li>\n\n\n\n<li>Igrejas<\/li>\n\n\n\n<li>Teatros<\/li>\n\n\n\n<li>Escrit\u00f3rios<\/li>\n\n\n\n<li>Home Studios<\/li>\n\n\n\n<li>Home Theaters<\/li>\n\n\n\n<li>F\u00e1bricas<\/li>\n\n\n\n<li>Ru\u00eddos de vizinhos<\/li>\n\n\n\n<li>Cabines Ac\u00fasticas<\/li>\n<\/ul>\n\n\n\n<div style=\"height:28px\" aria-hidden=\"true\" class=\"wp-block-spacer\"><\/div>\n\n\n<div class=\"wp-block-image\">\n<figure class=\"aligncenter size-large\"><img loading=\"lazy\" decoding=\"async\" width=\"685\" height=\"460\" src=\"http:\/\/proacustic.com.br\/wp-content\/uploads\/2021\/04\/25-projetos.jpg\" alt=\"\" class=\"wp-image-222\" srcset=\"https:\/\/proacustic.com.br\/wp-content\/uploads\/2021\/04\/25-projetos.jpg 685w, https:\/\/proacustic.com.br\/wp-content\/uploads\/2021\/04\/25-projetos-300x201.jpg 300w, https:\/\/proacustic.com.br\/wp-content\/uploads\/2021\/04\/25-projetos-447x300.jpg 447w\" sizes=\"auto, (max-width: 685px) 100vw, 685px\" \/><\/figure>\n<\/div>\n\n\n<p class=\"has-text-align-center\" style=\"font-size:21px\"><a href=\"mailto:projetos@proacustic.com.br\" target=\"_blank\" rel=\"noreferrer noopener\">projetos@proacustic.com.br<\/a><\/p>\n\n\n<div class=\"wp-block-image\">\n<figure class=\"aligncenter size-full is-resized\"><img loading=\"lazy\" decoding=\"async\" src=\"http:\/\/proacustic.com.br\/wp-content\/uploads\/2024\/01\/ICONE-NOVO.jpg\" alt=\"\" class=\"wp-image-666\" width=\"62\" height=\"63\" srcset=\"https:\/\/proacustic.com.br\/wp-content\/uploads\/2024\/01\/ICONE-NOVO.jpg 248w, https:\/\/proacustic.com.br\/wp-content\/uploads\/2024\/01\/ICONE-NOVO-150x150.jpg 150w\" sizes=\"auto, (max-width: 62px) 100vw, 62px\" \/><\/figure>\n<\/div>","protected":false},"excerpt":{"rendered":"<p>Como desenvolvemos nosso trabalho junto com voc\u00ea: projetos@proacustic.com.br Este m\u00e9todo de trabalho pode ser aplicado\/ajustado para qualquer tamanho de projeto, como tamb\u00e9m, para v\u00e1rios tipos &hellip;<\/p>\n","protected":false},"author":1,"featured_media":0,"parent":0,"menu_order":0,"comment_status":"closed","ping_status":"closed","template":"","meta":{"om_disable_all_campaigns":false,"_monsterinsights_skip_tracking":false,"_monsterinsights_sitenote_active":false,"_monsterinsights_sitenote_note":"","_monsterinsights_sitenote_category":0,"footnotes":""},"class_list":["post-18","page","type-page","status-publish","hentry"],"aioseo_notices":[],"_links":{"self":[{"href":"https:\/\/proacustic.com.br\/index.php?rest_route=\/wp\/v2\/pages\/18","targetHints":{"allow":["GET"]}}],"collection":[{"href":"https:\/\/proacustic.com.br\/index.php?rest_route=\/wp\/v2\/pages"}],"about":[{"href":"https:\/\/proacustic.com.br\/index.php?rest_route=\/wp\/v2\/types\/page"}],"author":[{"embeddable":true,"href":"https:\/\/proacustic.com.br\/index.php?rest_route=\/wp\/v2\/users\/1"}],"replies":[{"embeddable":true,"href":"https:\/\/proacustic.com.br\/index.php?rest_route=%2Fwp%2Fv2%2Fcomments&post=18"}],"version-history":[{"count":29,"href":"https:\/\/proacustic.com.br\/index.php?rest_route=\/wp\/v2\/pages\/18\/revisions"}],"predecessor-version":[{"id":671,"href":"https:\/\/proacustic.com.br\/index.php?rest_route=\/wp\/v2\/pages\/18\/revisions\/671"}],"wp:attachment":[{"href":"https:\/\/proacustic.com.br\/index.php?rest_route=%2Fwp%2Fv2%2Fmedia&parent=18"}],"curies":[{"name":"wp","href":"https:\/\/api.w.org\/{rel}","templated":true}]}}