{"id":245,"date":"2021-04-18T16:57:21","date_gmt":"2021-04-18T19:57:21","guid":{"rendered":"http:\/\/proacustic.com.br\/?page_id=245"},"modified":"2023-05-23T23:41:17","modified_gmt":"2023-05-24T02:41:17","slug":"difusor-omni-64","status":"publish","type":"page","link":"https:\/\/proacustic.com.br\/?page_id=245","title":{"rendered":"Difusor Omni-64"},"content":{"rendered":"\n<div style=\"height:29px\" aria-hidden=\"true\" class=\"wp-block-spacer\"><\/div>\n\n\n<div class=\"wp-block-image\">\n<figure class=\"aligncenter size-large is-resized\"><img loading=\"lazy\" decoding=\"async\" src=\"http:\/\/proacustic.com.br\/wp-content\/uploads\/2021\/04\/OMNI64_2010_45-1-847x1024.gif\" alt=\"\" class=\"wp-image-369\" width=\"473\" height=\"572\" srcset=\"https:\/\/proacustic.com.br\/wp-content\/uploads\/2021\/04\/OMNI64_2010_45-1-847x1024.gif 847w, https:\/\/proacustic.com.br\/wp-content\/uploads\/2021\/04\/OMNI64_2010_45-1-248x300.gif 248w, https:\/\/proacustic.com.br\/wp-content\/uploads\/2021\/04\/OMNI64_2010_45-1-768x929.gif 768w\" sizes=\"auto, (max-width: 473px) 100vw, 473px\" \/><\/figure>\n<\/div>\n\n\n<div style=\"height:23px\" aria-hidden=\"true\" class=\"wp-block-spacer\"><\/div>\n\n\n\n<p style=\"font-size:20px\">O Difusor <strong>Omni-64<\/strong> (2-D) \u00e9 uma ferramenta ac\u00fastica criada por Mauricio Grassmann em 2006, que tem v\u00e1rias fun\u00e7\u00f5es;<\/p>\n\n\n\n<ul class=\"wp-block-list\">\n<li>Espalhamento<\/li>\n\n\n\n<li>Equaliza\u00e7\u00e3o\/equil\u00edbrio<\/li>\n\n\n\n<li>Foco<\/li>\n\n\n\n<li>Retorna o som incidente com a mesma intensidade<\/li>\n\n\n\n<li>Elimina reflex\u00f5es prim\u00e1rias<\/li>\n\n\n\n<li>Destaca o centro do palco sonoro<\/li>\n<\/ul>\n\n\n<div class=\"wp-block-image\">\n<figure class=\"aligncenter size-large is-resized\"><img loading=\"lazy\" decoding=\"async\" src=\"http:\/\/proacustic.com.br\/wp-content\/uploads\/2021\/04\/Medidas-novas-e-como-o-som-se-espalha-950x1024.jpg\" alt=\"\" class=\"wp-image-460\" width=\"551\" height=\"592\"\/><\/figure>\n<\/div>\n\n\n<p class=\"has-text-align-center\" style=\"font-size:20px\"><strong>Encomende<\/strong> seus difusores pelo mail  <a href=\"mailto:produtos@proacustic.com.br\">produtos@proacustic.com.br<\/a> <\/p>\n\n\n\n<p class=\"has-text-align-center\" style=\"font-size:20px\">S\u00e3o mais de 4.000 pe\u00e7as fabricadas \u00e0 m\u00e3o por luthiers, e instaladas nos melhores est\u00fadios do mundo.<\/p>\n\n\n\n<div style=\"height:18px\" aria-hidden=\"true\" class=\"wp-block-spacer\"><\/div>\n\n\n\n<p><\/p>\n\n\n<div class=\"wp-block-image\">\n<figure class=\"aligncenter size-large\"><img loading=\"lazy\" decoding=\"async\" width=\"468\" height=\"513\" src=\"http:\/\/proacustic.com.br\/wp-content\/uploads\/2021\/04\/18-DIFUSORES.jpg\" alt=\"\" class=\"wp-image-364\" srcset=\"https:\/\/proacustic.com.br\/wp-content\/uploads\/2021\/04\/18-DIFUSORES.jpg 468w, https:\/\/proacustic.com.br\/wp-content\/uploads\/2021\/04\/18-DIFUSORES-274x300.jpg 274w\" sizes=\"auto, (max-width: 468px) 100vw, 468px\" \/><\/figure>\n<\/div>\n\n\n<div style=\"height:36px\" aria-hidden=\"true\" class=\"wp-block-spacer\"><\/div>\n\n\n\n<p class=\"has-text-align-center\" style=\"font-size:20px\">Os difusores Omni-64 j\u00e1 foram mat\u00e9ria na revista Sound On Sound<\/p>\n\n\n<div class=\"wp-block-image\">\n<figure class=\"aligncenter size-large is-resized\"><img loading=\"lazy\" decoding=\"async\" src=\"http:\/\/proacustic.com.br\/wp-content\/uploads\/2021\/04\/Logo-SOS-Brasil.jpeg\" alt=\"\" class=\"wp-image-598\" width=\"264\" height=\"34\" srcset=\"https:\/\/proacustic.com.br\/wp-content\/uploads\/2021\/04\/Logo-SOS-Brasil.jpeg 852w, https:\/\/proacustic.com.br\/wp-content\/uploads\/2021\/04\/Logo-SOS-Brasil-300x39.jpeg 300w, https:\/\/proacustic.com.br\/wp-content\/uploads\/2021\/04\/Logo-SOS-Brasil-768x99.jpeg 768w\" sizes=\"auto, (max-width: 264px) 100vw, 264px\" \/><\/figure>\n<\/div>\n\n\n<div style=\"height:64px\" aria-hidden=\"true\" class=\"wp-block-spacer\"><\/div>\n\n\n\n<figure class=\"wp-block-embed wp-block-embed-youtube is-type-video is-provider-youtube epyt-figure\"><div class=\"wp-block-embed__wrapper\"><iframe loading=\"lazy\"  style=\"display: block; margin: 0px auto;\"  id=\"_ytid_92443\"  width=\"480\" height=\"300\"  data-origwidth=\"480\" data-origheight=\"300\"  data-relstop=\"1\" src=\"https:\/\/www.youtube.com\/embed\/u7C2ikJM-Mg?enablejsapi=1&autoplay=0&cc_load_policy=0&cc_lang_pref=&iv_load_policy=1&loop=0&rel=0&fs=0&playsinline=0&autohide=2&theme=dark&color=red&controls=0&disablekb=0&\" class=\"__youtube_prefs__  no-lazyload\" title=\"YouTube player\"  allow=\"fullscreen; accelerometer; autoplay; clipboard-write; encrypted-media; gyroscope; picture-in-picture; web-share\" referrerpolicy=\"strict-origin-when-cross-origin\" allowfullscreen data-no-lazy=\"1\" data-skipgform_ajax_framebjll=\"\"><\/iframe><\/div><\/figure>\n\n\n\n<p class=\"has-text-align-center has-normal-font-size\">Tratamento de t\u00e9cnica com 16 difusores 2-D<br> no Blade Studios &#8211; um dos TOP 10 do mundo<\/p>\n\n\n\n<div style=\"height:25px\" aria-hidden=\"true\" class=\"wp-block-spacer\"><\/div>\n\n\n\n<div class=\"wp-block-columns is-layout-flex wp-container-core-columns-is-layout-9d6595d7 wp-block-columns-is-layout-flex\">\n<div class=\"wp-block-column is-layout-flow wp-block-column-is-layout-flow\"><div class=\"wp-block-image\">\n<figure class=\"alignright size-large is-resized\"><img loading=\"lazy\" decoding=\"async\" src=\"http:\/\/proacustic.com.br\/wp-content\/uploads\/2021\/04\/Difusor-detalhe.jpg\" alt=\"\" class=\"wp-image-395\" width=\"324\" height=\"242\"\/><\/figure>\n<\/div><\/div>\n\n\n\n<div class=\"wp-block-column is-layout-flow wp-block-column-is-layout-flow\"><div class=\"wp-block-image\">\n<figure class=\"aligncenter size-large\"><img loading=\"lazy\" decoding=\"async\" width=\"596\" height=\"289\" src=\"http:\/\/proacustic.com.br\/wp-content\/uploads\/2021\/04\/Captura-de-Tela-2021-04-19-a\u0300s-18.06.45.png\" alt=\"\" class=\"wp-image-394\" srcset=\"https:\/\/proacustic.com.br\/wp-content\/uploads\/2021\/04\/Captura-de-Tela-2021-04-19-a\u0300s-18.06.45.png 596w, https:\/\/proacustic.com.br\/wp-content\/uploads\/2021\/04\/Captura-de-Tela-2021-04-19-a\u0300s-18.06.45-300x145.png 300w\" sizes=\"auto, (max-width: 596px) 100vw, 596px\" \/><\/figure>\n<\/div><\/div>\n\n\n\n<div class=\"wp-block-column is-layout-flow wp-block-column-is-layout-flow\"><div class=\"wp-block-image\">\n<figure class=\"alignleft size-large is-resized\"><img loading=\"lazy\" decoding=\"async\" src=\"http:\/\/proacustic.com.br\/wp-content\/uploads\/2021\/04\/Captura-de-Tela-2020-03-05-a\u0300s-10.55.34.png\" alt=\"\" class=\"wp-image-396\" width=\"254\" height=\"241\"\/><\/figure>\n<\/div><\/div>\n<\/div>\n\n\n\n<div style=\"height:38px\" aria-hidden=\"true\" class=\"wp-block-spacer\"><\/div>\n\n\n\n<p class=\"has-text-align-center\" style=\"font-size:20px\">Os difusores <strong>Omni-64<\/strong> s\u00e3o fabricados <strong>sob encomenda<\/strong>, com a precis\u00e3o do corte laser aliado <br>aos cuidados dos luthiers.<\/p>\n\n\n\n<div style=\"height:35px\" aria-hidden=\"true\" class=\"wp-block-spacer\"><\/div>\n\n\n\n<p class=\"has-text-align-center\" style=\"font-size:20px\">Enviamos para todo o Brasil atrav\u00e9s da transportadora JadLog<\/p>\n\n\n<div class=\"wp-block-image\">\n<figure class=\"aligncenter size-large is-resized\"><img loading=\"lazy\" decoding=\"async\" src=\"http:\/\/proacustic.com.br\/wp-content\/uploads\/2021\/04\/LOGO-JADLOG.png\" alt=\"\" class=\"wp-image-399\" width=\"216\" height=\"81\" srcset=\"https:\/\/proacustic.com.br\/wp-content\/uploads\/2021\/04\/LOGO-JADLOG.png 367w, https:\/\/proacustic.com.br\/wp-content\/uploads\/2021\/04\/LOGO-JADLOG-300x112.png 300w\" sizes=\"auto, (max-width: 216px) 100vw, 216px\" \/><\/figure>\n<\/div>\n\n\n<div style=\"height:33px\" aria-hidden=\"true\" class=\"wp-block-spacer\"><\/div>\n\n\n\n<p class=\"has-text-align-center\" style=\"font-size:20px\"><strong>Encomende<\/strong> seus difusores pelo mail  <a href=\"mailto:produtos@proacustic.com.br\">produtos@proacustic.com.br<\/a> <\/p>\n\n\n\n<div style=\"height:53px\" aria-hidden=\"true\" class=\"wp-block-spacer\"><\/div>\n\n\n<div class=\"wp-block-image\">\n<figure class=\"aligncenter size-large is-resized\"><img loading=\"lazy\" decoding=\"async\" src=\"http:\/\/proacustic.com.br\/wp-content\/uploads\/2021\/04\/Icone-02-3.jpg\" alt=\"\" class=\"wp-image-225\" width=\"98\" height=\"72\"\/><\/figure>\n<\/div>\n\n\n<p><\/p>\n","protected":false},"excerpt":{"rendered":"<p>O Difusor Omni-64 (2-D) \u00e9 uma ferramenta ac\u00fastica criada por Mauricio Grassmann em 2006, que tem v\u00e1rias fun\u00e7\u00f5es; Encomende seus difusores pelo mail produtos@proacustic.com.br S\u00e3o &hellip;<\/p>\n","protected":false},"author":1,"featured_media":0,"parent":0,"menu_order":0,"comment_status":"closed","ping_status":"closed","template":"","meta":{"om_disable_all_campaigns":false,"_monsterinsights_skip_tracking":false,"_monsterinsights_sitenote_active":false,"_monsterinsights_sitenote_note":"","_monsterinsights_sitenote_category":0,"footnotes":""},"class_list":["post-245","page","type-page","status-publish","hentry"],"aioseo_notices":[],"_links":{"self":[{"href":"https:\/\/proacustic.com.br\/index.php?rest_route=\/wp\/v2\/pages\/245","targetHints":{"allow":["GET"]}}],"collection":[{"href":"https:\/\/proacustic.com.br\/index.php?rest_route=\/wp\/v2\/pages"}],"about":[{"href":"https:\/\/proacustic.com.br\/index.php?rest_route=\/wp\/v2\/types\/page"}],"author":[{"embeddable":true,"href":"https:\/\/proacustic.com.br\/index.php?rest_route=\/wp\/v2\/users\/1"}],"replies":[{"embeddable":true,"href":"https:\/\/proacustic.com.br\/index.php?rest_route=%2Fwp%2Fv2%2Fcomments&post=245"}],"version-history":[{"count":38,"href":"https:\/\/proacustic.com.br\/index.php?rest_route=\/wp\/v2\/pages\/245\/revisions"}],"predecessor-version":[{"id":658,"href":"https:\/\/proacustic.com.br\/index.php?rest_route=\/wp\/v2\/pages\/245\/revisions\/658"}],"wp:attachment":[{"href":"https:\/\/proacustic.com.br\/index.php?rest_route=%2Fwp%2Fv2%2Fmedia&parent=245"}],"curies":[{"name":"wp","href":"https:\/\/api.w.org\/{rel}","templated":true}]}}