{"id":247,"date":"2021-04-18T16:58:05","date_gmt":"2021-04-18T19:58:05","guid":{"rendered":"http:\/\/proacustic.com.br\/?page_id=247"},"modified":"2024-01-28T19:01:26","modified_gmt":"2024-01-28T22:01:26","slug":"projetos-assessoria","status":"publish","type":"page","link":"https:\/\/proacustic.com.br\/?page_id=247","title":{"rendered":"Projetos | Assessoria"},"content":{"rendered":"\n<p><\/p>\n\n\n\n<figure class=\"wp-block-embed wp-block-embed-youtube is-type-video is-provider-youtube epyt-figure\"><div class=\"wp-block-embed__wrapper\"><iframe loading=\"lazy\"  style=\"display: block; margin: 0px auto;\"  id=\"_ytid_32811\"  width=\"480\" height=\"300\"  data-origwidth=\"480\" data-origheight=\"300\"  data-relstop=\"1\" src=\"https:\/\/www.youtube.com\/embed\/LjsarITlXyQ?enablejsapi=1&autoplay=0&cc_load_policy=0&cc_lang_pref=&iv_load_policy=1&loop=0&rel=0&fs=0&playsinline=0&autohide=2&theme=dark&color=red&controls=0&disablekb=0&\" class=\"__youtube_prefs__  no-lazyload\" title=\"YouTube player\"  allow=\"fullscreen; accelerometer; autoplay; clipboard-write; encrypted-media; gyroscope; picture-in-picture; web-share\" referrerpolicy=\"strict-origin-when-cross-origin\" allowfullscreen data-no-lazy=\"1\" data-skipgform_ajax_framebjll=\"\"><\/iframe><\/div><\/figure>\n\n\n\n<div style=\"height:63px\" aria-hidden=\"true\" class=\"wp-block-spacer\"><\/div>\n\n\n\n<div class=\"wp-block-cover alignfull is-light has-parallax\" style=\"min-height:400px;aspect-ratio:unset;\"><span aria-hidden=\"true\" class=\"wp-block-cover__background has-background-dim\"><\/span><div role=\"img\" class=\"wp-block-cover__image-background wp-image-647 has-parallax\" style=\"background-position:50% 50%;background-image:url(https:\/\/proacustic.com.br\/wp-content\/uploads\/2023\/05\/ESTUDIOS-3D-EXTERNO-ESCURO.jpg)\"><\/div><div class=\"wp-block-cover__inner-container is-layout-flow wp-block-cover-is-layout-flow\">\n<p class=\"has-sitebg-color has-text-color\" style=\"font-size:20px\"><br><br>Para dar in\u00edcio ao seu projeto, conte-nos um pouco sobre seu espa\u00e7o e o que pretende realizar; <br>um quarto para estudo do seu instrumento, um home-studio, uma sala de audi\u00e7\u00e3o (audi\u00f3filo), <br>ou mesmo a solu\u00e7\u00e3o de isolamento de ru\u00eddos externos, ou um est\u00fadio profissional completo.<br>Pode ser a falta de inteligibilidade na sua igreja, ou o ru\u00eddo gerado por maquin\u00e1rio.<br><\/p>\n\n\n\n<p class=\"has-sitebg-color has-text-color\" style=\"font-size:20px\">A <strong>Proacustic<\/strong> tem a solu\u00e7\u00e3o ac\u00fastica que voc\u00ea precisa, presencialmente ou como <strong>assessoria \u00e0 distancia<\/strong>! <\/p>\n\n\n\n<p class=\"has-sitebg-color has-text-color\" style=\"font-size:20px\">Preencha o formul\u00e1rio abaixo com detalhes, como as dimens\u00f5es do seu espa\u00e7o, estilo e instrumental, <br>n\u00edvel de ru\u00eddo &#8211; medido ou percebido, se voc\u00ea est\u00e1 numa casa ou apartamento e o que mais lembrar.<\/p>\n\n\n\n<p class=\"has-sitebg-color has-text-color\" style=\"font-size:20px\">\u00c9 o primeiro passo para iniciarmos nossa conversa!<br><br><br> <\/p>\n<\/div><\/div>\n\n\n\n<div style=\"height:32px\" aria-hidden=\"true\" class=\"wp-block-spacer\"><\/div>\n\n\n<div class=\"wpforms-container wpforms-container-full wpforms-block\" id=\"wpforms-41\"><form id=\"wpforms-form-41\" class=\"wpforms-validate wpforms-form\" data-formid=\"41\" method=\"post\" enctype=\"multipart\/form-data\" action=\"\/index.php?rest_route=%2Fwp%2Fv2%2Fpages%2F247\" data-token=\"ac772f75139c8a08c0a6d8e130ef7db3\" data-token-time=\"1777553259\"><noscript class=\"wpforms-error-noscript\">Please enable JavaScript in your browser to complete this form.<\/noscript><div class=\"wpforms-field-container\"><div id=\"wpforms-41-field_0-container\" class=\"wpforms-field wpforms-field-name\" data-field-id=\"0\"><label class=\"wpforms-field-label\">Nome <span class=\"wpforms-required-label\">*<\/span><\/label><div class=\"wpforms-field-row wpforms-field-medium\"><div class=\"wpforms-field-row-block wpforms-first wpforms-one-half\"><input type=\"text\" id=\"wpforms-41-field_0\" class=\"wpforms-field-name-first wpforms-field-required\" name=\"wpforms[fields][0][first]\" required><label for=\"wpforms-41-field_0\" class=\"wpforms-field-sublabel after\">First<\/label><\/div><div class=\"wpforms-field-row-block wpforms-one-half\"><input type=\"text\" id=\"wpforms-41-field_0-last\" class=\"wpforms-field-name-last wpforms-field-required\" name=\"wpforms[fields][0][last]\" required><label for=\"wpforms-41-field_0-last\" class=\"wpforms-field-sublabel after\">Last<\/label><\/div><\/div><\/div><div id=\"wpforms-41-field_1-container\" class=\"wpforms-field wpforms-field-email\" data-field-id=\"1\"><label class=\"wpforms-field-label\" for=\"wpforms-41-field_1\">E-mail <span class=\"wpforms-required-label\">*<\/span><\/label><input type=\"email\" id=\"wpforms-41-field_1\" class=\"wpforms-field-medium wpforms-field-required\" name=\"wpforms[fields][1]\" spellcheck=\"false\" required><\/div><div id=\"wpforms-41-field_2-container\" class=\"wpforms-field wpforms-field-textarea\" data-field-id=\"2\"><label class=\"wpforms-field-label\" for=\"wpforms-41-field_2\">Coment\u00e1rio ou Mensagem <span class=\"wpforms-required-label\">*<\/span><\/label><textarea id=\"wpforms-41-field_2\" class=\"wpforms-field-medium wpforms-field-required\" name=\"wpforms[fields][2]\" required><\/textarea><\/div><\/div><!-- .wpforms-field-container --><div class=\"wpforms-recaptcha-container wpforms-is-recaptcha wpforms-is-recaptcha-type-v2\" ><div class=\"g-recaptcha\" data-sitekey=\"6LdI8NErAAAAAC8UI4Mv0jhqw85tc_9j0i3KASSi\"><\/div><input type=\"text\" name=\"g-recaptcha-hidden\" class=\"wpforms-recaptcha-hidden\" style=\"position:absolute!important;clip:rect(0,0,0,0)!important;height:1px!important;width:1px!important;border:0!important;overflow:hidden!important;padding:0!important;margin:0!important;\" data-rule-recaptcha=\"1\"><\/div><div class=\"wpforms-submit-container\" ><input type=\"hidden\" name=\"wpforms[id]\" value=\"41\"><input type=\"hidden\" name=\"page_title\" value=\"\"><input type=\"hidden\" name=\"page_url\" value=\"https:\/\/proacustic.com.br\/index.php?rest_route=\/wp\/v2\/pages\/247\"><input type=\"hidden\" name=\"url_referer\" value=\"\"><button type=\"submit\" name=\"wpforms[submit]\" id=\"wpforms-submit-41\" class=\"wpforms-submit\" data-alt-text=\"Enviando...\" data-submit-text=\"Enviar\" aria-live=\"assertive\" value=\"wpforms-submit\">Enviar<\/button><\/div><\/form><\/div>  <!-- .wpforms-container -->\n\n\n<div style=\"height:46px\" aria-hidden=\"true\" class=\"wp-block-spacer\"><\/div>\n\n\n\n<figure class=\"wp-block-embed wp-block-embed-youtube is-type-video is-provider-youtube epyt-figure\"><div class=\"wp-block-embed__wrapper\"><iframe loading=\"lazy\"  style=\"display: block; margin: 0px auto;\"  id=\"_ytid_38231\"  width=\"480\" height=\"300\"  data-origwidth=\"480\" data-origheight=\"300\"  data-relstop=\"1\" src=\"https:\/\/www.youtube.com\/embed\/YR-nuJbRMKo?enablejsapi=1&autoplay=0&cc_load_policy=0&cc_lang_pref=&iv_load_policy=1&loop=0&rel=0&fs=0&playsinline=0&autohide=2&theme=dark&color=red&controls=0&disablekb=0&\" class=\"__youtube_prefs__  no-lazyload\" title=\"YouTube player\"  allow=\"fullscreen; accelerometer; autoplay; clipboard-write; encrypted-media; gyroscope; picture-in-picture; web-share\" referrerpolicy=\"strict-origin-when-cross-origin\" allowfullscreen data-no-lazy=\"1\" data-skipgform_ajax_framebjll=\"\"><\/iframe><\/div><\/figure>\n\n\n\n<div style=\"height:57px\" aria-hidden=\"true\" class=\"wp-block-spacer\"><\/div>\n\n\n\n<div class=\"wp-block-columns is-layout-flex wp-container-core-columns-is-layout-9d6595d7 wp-block-columns-is-layout-flex\">\n<div class=\"wp-block-column is-layout-flow wp-block-column-is-layout-flow\"><div class=\"wp-block-image\">\n<figure class=\"aligncenter size-large is-resized\"><img loading=\"lazy\" decoding=\"async\" src=\"http:\/\/proacustic.com.br\/wp-content\/uploads\/2021\/04\/RT60-BIRA-COM-SALA-VAZIA-WATERFALL.png\" alt=\"\" class=\"wp-image-337\" width=\"691\" height=\"386\"\/><\/figure>\n<\/div><\/div>\n\n\n\n<div class=\"wp-block-column is-layout-flow wp-block-column-is-layout-flow\"><div class=\"wp-block-image\">\n<figure class=\"alignleft size-large is-resized\"><img loading=\"lazy\" decoding=\"async\" src=\"http:\/\/proacustic.com.br\/wp-content\/uploads\/2021\/04\/PLANTA-TECNICA-E-ESTUDIO-B-1024x715.jpg\" alt=\"\" class=\"wp-image-338\" width=\"570\" height=\"280\"\/><\/figure>\n<\/div><\/div>\n<\/div>\n\n\n\n<div style=\"height:57px\" aria-hidden=\"true\" class=\"wp-block-spacer\"><\/div>\n\n\n<div class=\"wp-block-image\">\n<figure class=\"aligncenter size-full is-resized\"><img loading=\"lazy\" decoding=\"async\" src=\"http:\/\/proacustic.com.br\/wp-content\/uploads\/2024\/01\/ICONE-NOVO.jpg\" alt=\"\" class=\"wp-image-666\" width=\"62\" height=\"63\" srcset=\"https:\/\/proacustic.com.br\/wp-content\/uploads\/2024\/01\/ICONE-NOVO.jpg 248w, https:\/\/proacustic.com.br\/wp-content\/uploads\/2024\/01\/ICONE-NOVO-150x150.jpg 150w\" sizes=\"auto, (max-width: 62px) 100vw, 62px\" \/><\/figure>\n<\/div>\n\n\n<p style=\"font-size:1px\"><\/p>\n","protected":false},"excerpt":{"rendered":"","protected":false},"author":1,"featured_media":0,"parent":0,"menu_order":0,"comment_status":"closed","ping_status":"closed","template":"","meta":{"om_disable_all_campaigns":false,"_monsterinsights_skip_tracking":false,"_monsterinsights_sitenote_active":false,"_monsterinsights_sitenote_note":"","_monsterinsights_sitenote_category":0,"footnotes":""},"class_list":["post-247","page","type-page","status-publish","hentry"],"aioseo_notices":[],"_links":{"self":[{"href":"https:\/\/proacustic.com.br\/index.php?rest_route=\/wp\/v2\/pages\/247","targetHints":{"allow":["GET"]}}],"collection":[{"href":"https:\/\/proacustic.com.br\/index.php?rest_route=\/wp\/v2\/pages"}],"about":[{"href":"https:\/\/proacustic.com.br\/index.php?rest_route=\/wp\/v2\/types\/page"}],"author":[{"embeddable":true,"href":"https:\/\/proacustic.com.br\/index.php?rest_route=\/wp\/v2\/users\/1"}],"replies":[{"embeddable":true,"href":"https:\/\/proacustic.com.br\/index.php?rest_route=%2Fwp%2Fv2%2Fcomments&post=247"}],"version-history":[{"count":30,"href":"https:\/\/proacustic.com.br\/index.php?rest_route=\/wp\/v2\/pages\/247\/revisions"}],"predecessor-version":[{"id":686,"href":"https:\/\/proacustic.com.br\/index.php?rest_route=\/wp\/v2\/pages\/247\/revisions\/686"}],"wp:attachment":[{"href":"https:\/\/proacustic.com.br\/index.php?rest_route=%2Fwp%2Fv2%2Fmedia&parent=247"}],"curies":[{"name":"wp","href":"https:\/\/api.w.org\/{rel}","templated":true}]}}