{"id":253,"date":"2021-04-18T16:59:28","date_gmt":"2021-04-18T19:59:28","guid":{"rendered":"http:\/\/proacustic.com.br\/?page_id=253"},"modified":"2021-04-22T20:36:16","modified_gmt":"2021-04-22T23:36:16","slug":"sapatas","status":"publish","type":"page","link":"https:\/\/proacustic.com.br\/?page_id=253","title":{"rendered":"Sapatas"},"content":{"rendered":"\n<p style=\"font-size:20px\">As SAPATAS fabricadas pela Proacustic s\u00e3o utilizadas sob piso elevado, <br>em salas Box-in-Box, ou para qualquer tipo de amortecimento de vibra\u00e7\u00f5es.<\/p>\n\n\n\n<div style=\"height:39px\" aria-hidden=\"true\" class=\"wp-block-spacer\"><\/div>\n\n\n\n<div class=\"wp-block-columns is-layout-flex wp-container-core-columns-is-layout-9d6595d7 wp-block-columns-is-layout-flex\">\n<div class=\"wp-block-column is-layout-flow wp-block-column-is-layout-flow\">\n<div class=\"wp-block-image\"><figure class=\"alignright size-medium is-resized\"><img loading=\"lazy\" decoding=\"async\" src=\"http:\/\/proacustic.com.br\/wp-content\/uploads\/2021\/04\/Sapata-25mm-com-medidas-300x218.jpg\" alt=\"\" class=\"wp-image-423\" width=\"430\" height=\"318\"\/><figcaption>Sapata de 25mm ( 90mm X 90mm)<\/figcaption><\/figure><\/div>\n\n\n\n<p><\/p>\n<\/div>\n\n\n\n<div class=\"wp-block-column is-layout-flow wp-block-column-is-layout-flow\">\n<div class=\"wp-block-image\"><figure class=\"alignleft size-large is-resized\"><img loading=\"lazy\" decoding=\"async\" src=\"http:\/\/proacustic.com.br\/wp-content\/uploads\/2021\/04\/SAPATA-50mm-com-medida-1024x759.jpg\" alt=\"\" class=\"wp-image-424\" width=\"430\" height=\"318\" srcset=\"https:\/\/proacustic.com.br\/wp-content\/uploads\/2021\/04\/SAPATA-50mm-com-medida-1024x759.jpg 1024w, https:\/\/proacustic.com.br\/wp-content\/uploads\/2021\/04\/SAPATA-50mm-com-medida-300x222.jpg 300w, https:\/\/proacustic.com.br\/wp-content\/uploads\/2021\/04\/SAPATA-50mm-com-medida-768x569.jpg 768w, https:\/\/proacustic.com.br\/wp-content\/uploads\/2021\/04\/SAPATA-50mm-com-medida-405x300.jpg 405w, https:\/\/proacustic.com.br\/wp-content\/uploads\/2021\/04\/SAPATA-50mm-com-medida.jpg 1202w\" sizes=\"auto, (max-width: 430px) 100vw, 430px\" \/><figcaption>Sapata de 50mm<\/figcaption><\/figure><\/div>\n\n\n\n<p><\/p>\n<\/div>\n<\/div>\n\n\n\n<div style=\"height:29px\" aria-hidden=\"true\" class=\"wp-block-spacer\"><\/div>\n\n\n\n<p style=\"font-size:20px\">Instala\u00e7\u00e3o das sapatas para sala Box-in-box em apartamento para est\u00fadio de produ\u00e7\u00e3o musical (DJ).<\/p>\n\n\n\n<div class=\"wp-block-columns is-layout-flex wp-container-core-columns-is-layout-9d6595d7 wp-block-columns-is-layout-flex\">\n<div class=\"wp-block-column is-layout-flow wp-block-column-is-layout-flow\">\n<figure class=\"wp-block-image size-large\"><img loading=\"lazy\" decoding=\"async\" width=\"1024\" height=\"597\" src=\"http:\/\/proacustic.com.br\/wp-content\/uploads\/2021\/04\/WhatsApp-Image-2020-07-21-at-13.50.15-1-1024x597.jpeg\" alt=\"\" class=\"wp-image-438\" srcset=\"https:\/\/proacustic.com.br\/wp-content\/uploads\/2021\/04\/WhatsApp-Image-2020-07-21-at-13.50.15-1-1024x597.jpeg 1024w, https:\/\/proacustic.com.br\/wp-content\/uploads\/2021\/04\/WhatsApp-Image-2020-07-21-at-13.50.15-1-300x175.jpeg 300w, https:\/\/proacustic.com.br\/wp-content\/uploads\/2021\/04\/WhatsApp-Image-2020-07-21-at-13.50.15-1-768x448.jpeg 768w, https:\/\/proacustic.com.br\/wp-content\/uploads\/2021\/04\/WhatsApp-Image-2020-07-21-at-13.50.15-1-514x300.jpeg 514w, https:\/\/proacustic.com.br\/wp-content\/uploads\/2021\/04\/WhatsApp-Image-2020-07-21-at-13.50.15-1-512x300.jpeg 512w, https:\/\/proacustic.com.br\/wp-content\/uploads\/2021\/04\/WhatsApp-Image-2020-07-21-at-13.50.15-1.jpeg 1200w\" sizes=\"auto, (max-width: 1024px) 100vw, 1024px\" \/><figcaption>Colagem das sapatas em distanciamento <br>calculado pelo peso da sala final. <br>A cor das sapatas n\u00e3o altera suas propriedades.<\/figcaption><\/figure>\n<\/div>\n\n\n\n<div class=\"wp-block-column is-layout-flow wp-block-column-is-layout-flow\">\n<figure class=\"wp-block-image size-large\"><img loading=\"lazy\" decoding=\"async\" width=\"663\" height=\"700\" src=\"http:\/\/proacustic.com.br\/wp-content\/uploads\/2021\/04\/WhatsApp-Image-2020-07-21-at-13.51.21.jpeg\" alt=\"\" class=\"wp-image-439\" srcset=\"https:\/\/proacustic.com.br\/wp-content\/uploads\/2021\/04\/WhatsApp-Image-2020-07-21-at-13.51.21.jpeg 663w, https:\/\/proacustic.com.br\/wp-content\/uploads\/2021\/04\/WhatsApp-Image-2020-07-21-at-13.51.21-284x300.jpeg 284w\" sizes=\"auto, (max-width: 663px) 100vw, 663px\" \/><\/figure>\n<\/div>\n\n\n\n<div class=\"wp-block-column is-layout-flow wp-block-column-is-layout-flow\">\n<figure class=\"wp-block-image size-large\"><img loading=\"lazy\" decoding=\"async\" width=\"1024\" height=\"627\" src=\"http:\/\/proacustic.com.br\/wp-content\/uploads\/2021\/04\/WhatsApp-Image-2020-07-21-at-13.50.15-1-1-1024x627.jpeg\" alt=\"\" class=\"wp-image-440\" srcset=\"https:\/\/proacustic.com.br\/wp-content\/uploads\/2021\/04\/WhatsApp-Image-2020-07-21-at-13.50.15-1-1-1024x627.jpeg 1024w, https:\/\/proacustic.com.br\/wp-content\/uploads\/2021\/04\/WhatsApp-Image-2020-07-21-at-13.50.15-1-1-300x184.jpeg 300w, https:\/\/proacustic.com.br\/wp-content\/uploads\/2021\/04\/WhatsApp-Image-2020-07-21-at-13.50.15-1-1-768x470.jpeg 768w, https:\/\/proacustic.com.br\/wp-content\/uploads\/2021\/04\/WhatsApp-Image-2020-07-21-at-13.50.15-1-1-490x300.jpeg 490w, https:\/\/proacustic.com.br\/wp-content\/uploads\/2021\/04\/WhatsApp-Image-2020-07-21-at-13.50.15-1-1.jpeg 1144w\" sizes=\"auto, (max-width: 1024px) 100vw, 1024px\" \/><figcaption>Coloca\u00e7\u00e3o da l\u00e3 de rocha (ao lado) e<br>coloca\u00e7\u00e3o das chapas do piso.<\/figcaption><\/figure>\n<\/div>\n<\/div>\n\n\n\n<div style=\"height:46px\" aria-hidden=\"true\" class=\"wp-block-spacer\"><\/div>\n\n\n\n<div class=\"wp-block-columns is-layout-flex wp-container-core-columns-is-layout-9d6595d7 wp-block-columns-is-layout-flex\">\n<div class=\"wp-block-column is-layout-flow wp-block-column-is-layout-flow\" style=\"flex-basis:66.66%\">\n<ul class=\"wp-block-list\" style=\"font-size:27px\"><li>Pisos de est\u00fadios profissionais<\/li><li>Pisos de salas de ensaio<\/li><li>Cabines ac\u00fasticas<\/li><li>Tablados de bateria<\/li><li>Pisos de escolas de dan\u00e7a \/ sapateado<\/li><li>Isolamento de m\u00e1quinas pesadas<\/li><li>Enclausuramentos<\/li><li>Vibra\u00e7\u00e3o estrutural em geral<\/li><\/ul>\n<\/div>\n\n\n\n<div class=\"wp-block-column is-layout-flow wp-block-column-is-layout-flow\" style=\"flex-basis:33.33%\">\n<div class=\"wp-block-image\"><figure class=\"alignleft size-large\"><img loading=\"lazy\" decoding=\"async\" width=\"855\" height=\"962\" src=\"http:\/\/proacustic.com.br\/wp-content\/uploads\/2021\/04\/sapata-e-durometro.jpg\" alt=\"\" class=\"wp-image-449\" srcset=\"https:\/\/proacustic.com.br\/wp-content\/uploads\/2021\/04\/sapata-e-durometro.jpg 855w, https:\/\/proacustic.com.br\/wp-content\/uploads\/2021\/04\/sapata-e-durometro-267x300.jpg 267w, https:\/\/proacustic.com.br\/wp-content\/uploads\/2021\/04\/sapata-e-durometro-768x864.jpg 768w\" sizes=\"auto, (max-width: 855px) 100vw, 855px\" \/><figcaption>Teste de dureza de todas as sapatas fabricadas.<\/figcaption><\/figure><\/div>\n<\/div>\n<\/div>\n\n\n\n<p style=\"font-size:22px\">Encomendas pelo mail : <a href=\"mailto:produtos@proacustic.com.br\">produtos@proacustic.com.br<\/a><\/p>\n\n\n\n<div style=\"height:61px\" aria-hidden=\"true\" class=\"wp-block-spacer\"><\/div>\n\n\n\n<div class=\"wp-block-image\"><figure class=\"aligncenter size-large is-resized\"><img loading=\"lazy\" decoding=\"async\" src=\"http:\/\/proacustic.com.br\/wp-content\/uploads\/2021\/04\/Icone-02-3.jpg\" alt=\"\" class=\"wp-image-225\" width=\"86\" height=\"63\"\/><\/figure><\/div>\n","protected":false},"excerpt":{"rendered":"<p>As SAPATAS fabricadas pela Proacustic s\u00e3o utilizadas sob piso elevado, em salas Box-in-Box, ou para qualquer tipo de amortecimento de vibra\u00e7\u00f5es. Instala\u00e7\u00e3o das sapatas para &hellip;<\/p>\n","protected":false},"author":1,"featured_media":0,"parent":0,"menu_order":0,"comment_status":"closed","ping_status":"closed","template":"","meta":{"om_disable_all_campaigns":false,"_monsterinsights_skip_tracking":false,"_monsterinsights_sitenote_active":false,"_monsterinsights_sitenote_note":"","_monsterinsights_sitenote_category":0,"footnotes":""},"class_list":["post-253","page","type-page","status-publish","hentry"],"aioseo_notices":[],"_links":{"self":[{"href":"https:\/\/proacustic.com.br\/index.php?rest_route=\/wp\/v2\/pages\/253","targetHints":{"allow":["GET"]}}],"collection":[{"href":"https:\/\/proacustic.com.br\/index.php?rest_route=\/wp\/v2\/pages"}],"about":[{"href":"https:\/\/proacustic.com.br\/index.php?rest_route=\/wp\/v2\/types\/page"}],"author":[{"embeddable":true,"href":"https:\/\/proacustic.com.br\/index.php?rest_route=\/wp\/v2\/users\/1"}],"replies":[{"embeddable":true,"href":"https:\/\/proacustic.com.br\/index.php?rest_route=%2Fwp%2Fv2%2Fcomments&post=253"}],"version-history":[{"count":14,"href":"https:\/\/proacustic.com.br\/index.php?rest_route=\/wp\/v2\/pages\/253\/revisions"}],"predecessor-version":[{"id":455,"href":"https:\/\/proacustic.com.br\/index.php?rest_route=\/wp\/v2\/pages\/253\/revisions\/455"}],"wp:attachment":[{"href":"https:\/\/proacustic.com.br\/index.php?rest_route=%2Fwp%2Fv2%2Fmedia&parent=253"}],"curies":[{"name":"wp","href":"https:\/\/api.w.org\/{rel}","templated":true}]}}