{"id":255,"date":"2021-04-18T17:00:01","date_gmt":"2021-04-18T20:00:01","guid":{"rendered":"http:\/\/proacustic.com.br\/?page_id=255"},"modified":"2024-01-28T21:06:22","modified_gmt":"2024-01-29T00:06:22","slug":"absorvedores-fa1-fa2","status":"publish","type":"page","link":"https:\/\/proacustic.com.br\/?page_id=255","title":{"rendered":"Absorvedor Fa1 | Fa2"},"content":{"rendered":"<div class=\"wp-block-image\">\n<figure class=\"aligncenter size-large is-resized\"><img loading=\"lazy\" decoding=\"async\" src=\"http:\/\/proacustic.com.br\/wp-content\/uploads\/2021\/06\/LOGO-Fa1-Fa2-1024x293.jpg\" alt=\"\" class=\"wp-image-608\" width=\"287\" height=\"82\" srcset=\"https:\/\/proacustic.com.br\/wp-content\/uploads\/2021\/06\/LOGO-Fa1-Fa2-1024x293.jpg 1024w, https:\/\/proacustic.com.br\/wp-content\/uploads\/2021\/06\/LOGO-Fa1-Fa2-300x86.jpg 300w, https:\/\/proacustic.com.br\/wp-content\/uploads\/2021\/06\/LOGO-Fa1-Fa2-768x220.jpg 768w, https:\/\/proacustic.com.br\/wp-content\/uploads\/2021\/06\/LOGO-Fa1-Fa2-1536x440.jpg 1536w, https:\/\/proacustic.com.br\/wp-content\/uploads\/2021\/06\/LOGO-Fa1-Fa2-2048x587.jpg 2048w, https:\/\/proacustic.com.br\/wp-content\/uploads\/2021\/06\/LOGO-Fa1-Fa2-903x259.jpg 903w\" sizes=\"auto, (max-width: 287px) 100vw, 287px\" \/><\/figure>\n<\/div>\n\n\n<div style=\"height:36px\" aria-hidden=\"true\" class=\"wp-block-spacer\"><\/div>\n\n\n<div class=\"wp-block-image\">\n<figure class=\"aligncenter size-large is-resized\"><img loading=\"lazy\" decoding=\"async\" src=\"http:\/\/proacustic.com.br\/wp-content\/uploads\/2021\/06\/Painel-Fa1.jpg\" alt=\"\" class=\"wp-image-609\" width=\"593\" height=\"556\" srcset=\"https:\/\/proacustic.com.br\/wp-content\/uploads\/2021\/06\/Painel-Fa1.jpg 718w, https:\/\/proacustic.com.br\/wp-content\/uploads\/2021\/06\/Painel-Fa1-300x281.jpg 300w, https:\/\/proacustic.com.br\/wp-content\/uploads\/2021\/06\/Painel-Fa1-320x300.jpg 320w\" sizes=\"auto, (max-width: 593px) 100vw, 593px\" \/><\/figure>\n<\/div>\n\n\n<div style=\"height:38px\" aria-hidden=\"true\" class=\"wp-block-spacer\"><\/div>\n\n\n\n<p class=\"has-large-font-size\">Estes s\u00e3o pain\u00e9is absorvedores, com atua\u00e7\u00e3o muito eficaz nas altas e m\u00e9dias frequ\u00eancias. <br>S\u00e3o f\u00e1ceis de instalar, acabados com tecido de linho muito elegante e resistente.<br>Os Fa1 s\u00e3o mais finos e os Fa2, com o dobro de espessura, tem uma efic\u00e1cia ainda maior.<br>Veja abaixo o grau de atua\u00e7\u00e3o de cada modelo;<br><\/p>\n\n\n\n<div style=\"height:41px\" aria-hidden=\"true\" class=\"wp-block-spacer\"><\/div>\n\n\n\n<div class=\"wp-block-columns is-layout-flex wp-container-core-columns-is-layout-9d6595d7 wp-block-columns-is-layout-flex\">\n<div class=\"wp-block-column is-layout-flow wp-block-column-is-layout-flow\"><div class=\"wp-block-image\">\n<figure class=\"aligncenter size-large\"><img loading=\"lazy\" decoding=\"async\" width=\"675\" height=\"345\" src=\"http:\/\/proacustic.com.br\/wp-content\/uploads\/2021\/06\/TABELAcoef_abs_Fa1Fa2.jpg\" alt=\"\" class=\"wp-image-629\" srcset=\"https:\/\/proacustic.com.br\/wp-content\/uploads\/2021\/06\/TABELAcoef_abs_Fa1Fa2.jpg 675w, https:\/\/proacustic.com.br\/wp-content\/uploads\/2021\/06\/TABELAcoef_abs_Fa1Fa2-300x153.jpg 300w, https:\/\/proacustic.com.br\/wp-content\/uploads\/2021\/06\/TABELAcoef_abs_Fa1Fa2-587x300.jpg 587w\" sizes=\"auto, (max-width: 675px) 100vw, 675px\" \/><\/figure>\n<\/div><\/div>\n\n\n\n<div class=\"wp-block-column is-layout-flow wp-block-column-is-layout-flow\"><div class=\"wp-block-image\">\n<figure class=\"aligncenter size-large\"><img loading=\"lazy\" decoding=\"async\" width=\"612\" height=\"296\" src=\"http:\/\/proacustic.com.br\/wp-content\/uploads\/2021\/06\/Fa1_Fa2_medidas.jpg\" alt=\"\" class=\"wp-image-606\" srcset=\"https:\/\/proacustic.com.br\/wp-content\/uploads\/2021\/06\/Fa1_Fa2_medidas.jpg 612w, https:\/\/proacustic.com.br\/wp-content\/uploads\/2021\/06\/Fa1_Fa2_medidas-300x145.jpg 300w\" sizes=\"auto, (max-width: 612px) 100vw, 612px\" \/><\/figure>\n<\/div><\/div>\n<\/div>\n\n\n\n<div style=\"height:49px\" aria-hidden=\"true\" class=\"wp-block-spacer\"><\/div>\n\n\n\n<div class=\"wp-block-columns is-layout-flex wp-container-core-columns-is-layout-9d6595d7 wp-block-columns-is-layout-flex\">\n<div class=\"wp-block-column is-layout-flow wp-block-column-is-layout-flow\"><div class=\"wp-block-image\">\n<figure class=\"aligncenter size-large\"><img loading=\"lazy\" decoding=\"async\" width=\"450\" height=\"432\" src=\"http:\/\/proacustic.com.br\/wp-content\/uploads\/2021\/06\/fa1-a-1.jpg\" alt=\"\" class=\"wp-image-624\" srcset=\"https:\/\/proacustic.com.br\/wp-content\/uploads\/2021\/06\/fa1-a-1.jpg 450w, https:\/\/proacustic.com.br\/wp-content\/uploads\/2021\/06\/fa1-a-1-300x288.jpg 300w, https:\/\/proacustic.com.br\/wp-content\/uploads\/2021\/06\/fa1-a-1-313x300.jpg 313w\" sizes=\"auto, (max-width: 450px) 100vw, 450px\" \/><\/figure>\n<\/div><\/div>\n\n\n\n<div class=\"wp-block-column is-layout-flow wp-block-column-is-layout-flow\"><div class=\"wp-block-image\">\n<figure class=\"aligncenter size-large\"><img loading=\"lazy\" decoding=\"async\" width=\"471\" height=\"450\" src=\"http:\/\/proacustic.com.br\/wp-content\/uploads\/2021\/06\/Fa1-Fa2-Omnis.jpg\" alt=\"\" class=\"wp-image-621\" srcset=\"https:\/\/proacustic.com.br\/wp-content\/uploads\/2021\/06\/Fa1-Fa2-Omnis.jpg 471w, https:\/\/proacustic.com.br\/wp-content\/uploads\/2021\/06\/Fa1-Fa2-Omnis-300x287.jpg 300w, https:\/\/proacustic.com.br\/wp-content\/uploads\/2021\/06\/Fa1-Fa2-Omnis-314x300.jpg 314w\" sizes=\"auto, (max-width: 471px) 100vw, 471px\" \/><\/figure>\n<\/div><\/div>\n\n\n\n<div class=\"wp-block-column is-layout-flow wp-block-column-is-layout-flow\"><div class=\"wp-block-image\">\n<figure class=\"aligncenter size-large\"><img loading=\"lazy\" decoding=\"async\" width=\"474\" height=\"450\" src=\"http:\/\/proacustic.com.br\/wp-content\/uploads\/2021\/06\/fa1-c.jpg\" alt=\"\" class=\"wp-image-622\" srcset=\"https:\/\/proacustic.com.br\/wp-content\/uploads\/2021\/06\/fa1-c.jpg 474w, https:\/\/proacustic.com.br\/wp-content\/uploads\/2021\/06\/fa1-c-300x285.jpg 300w, https:\/\/proacustic.com.br\/wp-content\/uploads\/2021\/06\/fa1-c-316x300.jpg 316w\" sizes=\"auto, (max-width: 474px) 100vw, 474px\" \/><\/figure>\n<\/div><\/div>\n<\/div>\n\n\n\n<div style=\"height:32px\" aria-hidden=\"true\" class=\"wp-block-spacer\"><\/div>\n\n\n\n<p class=\"has-large-font-size\">Detalhe do tecido<\/p>\n\n\n<div class=\"wp-block-image\">\n<figure class=\"aligncenter size-large is-resized\"><img decoding=\"async\" src=\"http:\/\/proacustic.com.br\/wp-content\/uploads\/2021\/06\/Painel-Fa2-tecido.jpg\" alt=\"\" class=\"wp-image-627\" width=\"-157\" height=\"-117\" srcset=\"https:\/\/proacustic.com.br\/wp-content\/uploads\/2021\/06\/Painel-Fa2-tecido.jpg 718w, https:\/\/proacustic.com.br\/wp-content\/uploads\/2021\/06\/Painel-Fa2-tecido-300x225.jpg 300w, https:\/\/proacustic.com.br\/wp-content\/uploads\/2021\/06\/Painel-Fa2-tecido-400x300.jpg 400w\" sizes=\"(max-width: 718px) 100vw, 718px\" \/><\/figure>\n<\/div>\n\n\n<div style=\"height:38px\" aria-hidden=\"true\" class=\"wp-block-spacer\"><\/div>\n\n\n\n<p class=\"has-large-font-size\">Tamb\u00e9m temos a op\u00e7\u00e3o de tecido de polipropileno, com sete cores diferentes.<br>Voc\u00ea tamb\u00e9m pode encomendar os pain\u00e9is <strong>com medidas especiais.<\/strong><\/p>\n\n\n\n<div style=\"height:66px\" aria-hidden=\"true\" class=\"wp-block-spacer\"><\/div>\n\n\n\n<p class=\"has-text-align-center has-large-font-size\"><strong>Encomende<\/strong> seus pain\u00e9is absorvedores Fa1 &amp; Fa2 pelo mail <a href=\"mailto:produtos@proacustic.com.br\">produtos@proacustic.com.br<\/a><\/p>\n\n\n\n<div style=\"height:36px\" aria-hidden=\"true\" class=\"wp-block-spacer\"><\/div>\n\n\n<div class=\"wp-block-image\">\n<figure class=\"aligncenter size-full is-resized\"><img loading=\"lazy\" decoding=\"async\" src=\"http:\/\/proacustic.com.br\/wp-content\/uploads\/2024\/01\/ICONE-NOVO.jpg\" alt=\"\" class=\"wp-image-666\" width=\"62\" height=\"63\" srcset=\"https:\/\/proacustic.com.br\/wp-content\/uploads\/2024\/01\/ICONE-NOVO.jpg 248w, https:\/\/proacustic.com.br\/wp-content\/uploads\/2024\/01\/ICONE-NOVO-150x150.jpg 150w\" sizes=\"auto, (max-width: 62px) 100vw, 62px\" \/><\/figure>\n<\/div>","protected":false},"excerpt":{"rendered":"<p>Estes s\u00e3o pain\u00e9is absorvedores, com atua\u00e7\u00e3o muito eficaz nas altas e m\u00e9dias frequ\u00eancias. S\u00e3o f\u00e1ceis de instalar, acabados com tecido de linho muito elegante e &hellip;<\/p>\n","protected":false},"author":1,"featured_media":0,"parent":0,"menu_order":0,"comment_status":"closed","ping_status":"closed","template":"","meta":{"om_disable_all_campaigns":false,"_monsterinsights_skip_tracking":false,"_monsterinsights_sitenote_active":false,"_monsterinsights_sitenote_note":"","_monsterinsights_sitenote_category":0,"footnotes":""},"class_list":["post-255","page","type-page","status-publish","hentry"],"aioseo_notices":[],"_links":{"self":[{"href":"https:\/\/proacustic.com.br\/index.php?rest_route=\/wp\/v2\/pages\/255","targetHints":{"allow":["GET"]}}],"collection":[{"href":"https:\/\/proacustic.com.br\/index.php?rest_route=\/wp\/v2\/pages"}],"about":[{"href":"https:\/\/proacustic.com.br\/index.php?rest_route=\/wp\/v2\/types\/page"}],"author":[{"embeddable":true,"href":"https:\/\/proacustic.com.br\/index.php?rest_route=\/wp\/v2\/users\/1"}],"replies":[{"embeddable":true,"href":"https:\/\/proacustic.com.br\/index.php?rest_route=%2Fwp%2Fv2%2Fcomments&post=255"}],"version-history":[{"count":19,"href":"https:\/\/proacustic.com.br\/index.php?rest_route=\/wp\/v2\/pages\/255\/revisions"}],"predecessor-version":[{"id":690,"href":"https:\/\/proacustic.com.br\/index.php?rest_route=\/wp\/v2\/pages\/255\/revisions\/690"}],"wp:attachment":[{"href":"https:\/\/proacustic.com.br\/index.php?rest_route=%2Fwp%2Fv2%2Fmedia&parent=255"}],"curies":[{"name":"wp","href":"https:\/\/api.w.org\/{rel}","templated":true}]}}